{"id":6,"date":"2013-08-15T19:11:44","date_gmt":"2013-08-15T17:11:44","guid":{"rendered":"http:\/\/mejerikoket.se\/?page_id=6"},"modified":"2015-01-07T17:03:49","modified_gmt":"2015-01-07T16:03:49","slug":"kontakt","status":"publish","type":"page","link":"https:\/\/mejerikoket.se\/?page_id=6","title":{"rendered":"Kontakt"},"content":{"rendered":"<p>Mejerik\u00f6ket<\/p>\n<p>Mejeriv\u00e4gen 2<br \/>\n906 22 Ume\u00e5<br \/>\nTel dagtid: 090-18 00 68<br \/>\n\u00d6vrig tid:\u00a0072-700 76 66<br \/>\n<a href=\"mailto:lars.johansson@mejerikoket.se?Subject=\" target=\"_top\"><br \/>\nLars.Johansson@Mejerikoket.se<\/a><\/p>\n<p><img decoding=\"async\" loading=\"lazy\" class=\"alignnone size-medium wp-image-81\" src=\"http:\/\/mejerikoket.se\/wp-content\/uploads\/20130825_1254481-168x300.jpg\" alt=\"Lars\" width=\"168\" height=\"300\" srcset=\"https:\/\/mejerikoket.se\/wp-content\/uploads\/20130825_1254481-168x300.jpg 168w, https:\/\/mejerikoket.se\/wp-content\/uploads\/20130825_1254481-576x1024.jpg 576w, https:\/\/mejerikoket.se\/wp-content\/uploads\/20130825_1254481.jpg 1836w\" sizes=\"(max-width: 168px) 100vw, 168px\" \/><\/p>\n","protected":false},"excerpt":{"rendered":"<p>Mejerik\u00f6ket Mejeriv\u00e4gen 2 906 22 Ume\u00e5 Tel dagtid: 090-18 00 68 \u00d6vrig tid:\u00a0072-700 76 66 Lars.Johansson@Mejerikoket.se<\/p>\n","protected":false},"author":1,"featured_media":0,"parent":0,"menu_order":3,"comment_status":"closed","ping_status":"closed","template":"","meta":[],"_links":{"self":[{"href":"https:\/\/mejerikoket.se\/index.php?rest_route=\/wp\/v2\/pages\/6"}],"collection":[{"href":"https:\/\/mejerikoket.se\/index.php?rest_route=\/wp\/v2\/pages"}],"about":[{"href":"https:\/\/mejerikoket.se\/index.php?rest_route=\/wp\/v2\/types\/page"}],"author":[{"embeddable":true,"href":"https:\/\/mejerikoket.se\/index.php?rest_route=\/wp\/v2\/users\/1"}],"replies":[{"embeddable":true,"href":"https:\/\/mejerikoket.se\/index.php?rest_route=%2Fwp%2Fv2%2Fcomments&post=6"}],"version-history":[{"count":26,"href":"https:\/\/mejerikoket.se\/index.php?rest_route=\/wp\/v2\/pages\/6\/revisions"}],"predecessor-version":[{"id":468,"href":"https:\/\/mejerikoket.se\/index.php?rest_route=\/wp\/v2\/pages\/6\/revisions\/468"}],"wp:attachment":[{"href":"https:\/\/mejerikoket.se\/index.php?rest_route=%2Fwp%2Fv2%2Fmedia&parent=6"}],"curies":[{"name":"wp","href":"https:\/\/api.w.org\/{rel}","templated":true}]}}